{"id":245,"date":"2023-04-13T09:44:55","date_gmt":"2023-04-13T12:44:55","guid":{"rendered":"https:\/\/chefdanielaboldori.com.br\/plataforma\/index.php\/produto\/saladas-e-molhos-chef-daniela-boldori\/"},"modified":"2023-04-13T17:30:58","modified_gmt":"2023-04-13T20:30:58","slug":"saladas-e-molhos-chef-daniela-boldori","status":"publish","type":"product","link":"https:\/\/chefdanielaboldori.com.br\/plataforma\/index.php\/produto\/saladas-e-molhos-chef-daniela-boldori\/","title":{"rendered":"Saladas e molhos Por 4 meses"},"content":{"rendered":"<div class=\"tutor-course-details-content\">\n<div class=\"tutor-fs-6 tutor-color-secondary\">\n<p>Ol\u00e1 meninos e meninas!<\/p>\n<p>Este curso foi desenvolvido para aqueles que desejam aprender a criar saladas deliciosas e nutritivas em casa. Ao longo deste curso, voc\u00ea ir\u00e1 descobrir as t\u00e9cnicas para preparar saladas incr\u00edveis e saud\u00e1veis que ir\u00e3o satisfazer o seu paladar.<\/p>\n<p>Ao longo do curso, voc\u00ea ter\u00e1 acesso a receitas exclusivas, dicas e truques para fazer saladas incr\u00edveis que ser\u00e3o um sucesso entre amigos e familiares.<\/p>\n<\/div>\n<\/div>\n<div class=\"tutor-mt-40\"><\/div>\n","protected":false},"excerpt":{"rendered":"<p>Ol\u00e1 meninos e meninas! Este curso foi desenvolvido para aqueles que desejam aprender a criar saladas deliciosas e nutritivas em casa. Ao longo deste curso, voc\u00ea ir\u00e1 descobrir as t\u00e9cnicas para preparar saladas incr\u00edveis e saud\u00e1veis que ir\u00e3o satisfazer o seu paladar. Ao longo do curso, voc\u00ea ter\u00e1 acesso a receitas exclusivas, dicas e truques &hellip;<\/p>\n<p class=\"read-more\"> <a class=\"\" href=\"https:\/\/chefdanielaboldori.com.br\/plataforma\/index.php\/produto\/saladas-e-molhos-chef-daniela-boldori\/\"> <span class=\"screen-reader-text\">Saladas e molhos Por 4 meses<\/span> Leia mais &raquo;<\/a><\/p>\n","protected":false},"featured_media":264,"comment_status":"open","ping_status":"closed","template":"","meta":{"pmpro_default_level":0,"site-sidebar-layout":"default","site-content-layout":"default","ast-global-header-display":"","ast-main-header-display":"","ast-hfb-above-header-display":"","ast-hfb-below-header-display":"","ast-hfb-mobile-header-display":"","site-post-title":"","ast-breadcrumbs-content":"","ast-featured-img":"","footer-sml-layout":"","theme-transparent-header-meta":"default","adv-header-id-meta":"","stick-header-meta":"","header-above-stick-meta":"","header-main-stick-meta":"","header-below-stick-meta":""},"product_cat":[15],"product_tag":[],"_links":{"self":[{"href":"https:\/\/chefdanielaboldori.com.br\/plataforma\/index.php\/wp-json\/wp\/v3\/product\/245"}],"collection":[{"href":"https:\/\/chefdanielaboldori.com.br\/plataforma\/index.php\/wp-json\/wp\/v3\/product"}],"about":[{"href":"https:\/\/chefdanielaboldori.com.br\/plataforma\/index.php\/wp-json\/wp\/v2\/types\/product"}],"replies":[{"embeddable":true,"href":"https:\/\/chefdanielaboldori.com.br\/plataforma\/index.php\/wp-json\/wp\/v2\/comments?post=245"}],"wp:featuredmedia":[{"embeddable":true,"href":"https:\/\/chefdanielaboldori.com.br\/plataforma\/index.php\/wp-json\/wp\/v2\/media\/264"}],"wp:attachment":[{"href":"https:\/\/chefdanielaboldori.com.br\/plataforma\/index.php\/wp-json\/wp\/v2\/media?parent=245"}],"wp:term":[{"taxonomy":"product_cat","embeddable":true,"href":"https:\/\/chefdanielaboldori.com.br\/plataforma\/index.php\/wp-json\/wp\/v2\/product_cat?post=245"},{"taxonomy":"product_tag","embeddable":true,"href":"https:\/\/chefdanielaboldori.com.br\/plataforma\/index.php\/wp-json\/wp\/v2\/product_tag?post=245"}],"curies":[{"name":"wp","href":"https:\/\/api.w.org\/{rel}","templated":true}]}}